{"id":11645,"date":"2025-01-08T11:50:57","date_gmt":"2025-01-08T10:50:57","guid":{"rendered":"https:\/\/macair21.com\/?page_id=11645"},"modified":"2025-04-24T12:51:12","modified_gmt":"2025-04-24T10:51:12","slug":"sobre-nosaltres","status":"publish","type":"page","link":"https:\/\/macair21.com\/ca\/sobre-nosaltres\/","title":{"rendered":"Sobre nosaltres"},"content":{"rendered":"\t\t<div data-elementor-type=\"wp-page\" data-elementor-id=\"11645\" class=\"elementor elementor-11645 elementor-10953\">\n\t\t\t\t\t\t<section class=\"elementor-section elementor-top-section elementor-element elementor-element-ffecc4f elementor-section-boxed elementor-section-height-default elementor-section-height-default\" data-id=\"ffecc4f\" data-element_type=\"section\">\n\t\t\t\t\t\t<div class=\"elementor-container elementor-column-gap-default\">\n\t\t\t\t\t<div class=\"elementor-column elementor-col-50 elementor-top-column elementor-element elementor-element-bd00912\" data-id=\"bd00912\" data-element_type=\"column\">\n\t\t\t<div class=\"elementor-widget-wrap elementor-element-populated\">\n\t\t\t\t\t\t<div class=\"elementor-element elementor-element-7880a27 elementor-widget elementor-widget-witr_section_s_image\" data-id=\"7880a27\" data-element_type=\"widget\" data-widget_type=\"witr_section_s_image.default\">\n\t\t\t\t<div class=\"elementor-widget-container\">\n\t\t\t\t\t\t\n\t\t<div class=\"single_image_area\">\n\t\t\t<div class=\"single_image single_line_option  \">\n\t\t\t\t<!-- image -->\n\t\t\t\t<img fetchpriority=\"high\" decoding=\"async\" width=\"1024\" height=\"681\" src=\"https:\/\/macair21.com\/wp-content\/uploads\/2025\/03\/pipes-4161383_1920-1024x681.jpg\" class=\"attachment-large size-large wp-image-11716\" alt=\"\" srcset=\"https:\/\/macair21.com\/wp-content\/uploads\/2025\/03\/pipes-4161383_1920-1024x681.jpg 1024w, https:\/\/macair21.com\/wp-content\/uploads\/2025\/03\/pipes-4161383_1920-300x200.jpg 300w, https:\/\/macair21.com\/wp-content\/uploads\/2025\/03\/pipes-4161383_1920-768x511.jpg 768w, https:\/\/macair21.com\/wp-content\/uploads\/2025\/03\/pipes-4161383_1920-1536x1022.jpg 1536w, https:\/\/macair21.com\/wp-content\/uploads\/2025\/03\/pipes-4161383_1920.jpg 1920w\" sizes=\"(max-width: 1024px) 100vw, 1024px\" \/>\t\t\n\t\t\t\t\t\t\t\t\t\t\t<\/div>\n\t\t<\/div>\n\t\t\t\n\t\t\t\n\t\t\n\t\t\t\n\t\t\t\t\t\t<\/div>\n\t\t\t\t<\/div>\n\t\t\t\t\t<\/div>\n\t\t<\/div>\n\t\t\t\t<div class=\"elementor-column elementor-col-50 elementor-top-column elementor-element elementor-element-a26884c\" data-id=\"a26884c\" data-element_type=\"column\">\n\t\t\t<div class=\"elementor-widget-wrap elementor-element-populated\">\n\t\t\t\t\t\t<div class=\"elementor-element elementor-element-91ca404 elementor-widget elementor-widget-heading\" data-id=\"91ca404\" data-element_type=\"widget\" data-widget_type=\"heading.default\">\n\t\t\t\t<div class=\"elementor-widget-container\">\n\t\t\t\t\t<h1 class=\"elementor-heading-title elementor-size-default\">Donem aire a les seves instal\u00b7lacions<\/h1>\t\t\t\t<\/div>\n\t\t\t\t<\/div>\n\t\t\t\t<div class=\"elementor-element elementor-element-4fe8a12 poket-star-rating--align-center elementor-widget elementor-widget-witr_section_title\" data-id=\"4fe8a12\" data-element_type=\"widget\" data-widget_type=\"witr_section_title.default\">\n\t\t\t\t<div class=\"elementor-widget-container\">\n\t\t\t\t\t\t\t\t\t\t<!-- title left -->\n\t\t\t\t\t<div class=\"witr_section_title\">\n\t\t\t\t\t\t<div class=\"witr_section_title_inner text-left\">\n\t\t\t\t\t\t\n\t\t\t\t\t\t\t<!-- icon position -->\n\t\t\t\t\t\t\t\t\n\t\t\t\t\t\t\t<!-- end icon position -->\n\t\t\t\t\t\t\n\t\t\t\t\t\t\n\t\t\t\t\t\t\t<!-- title top -->\n\t\t\t\t\t\t\t\n\t\t\t\t\t\t\t<!-- icon position -->\n\t\t\t\t\t\t\t\t\n\t\t\t\t\t\t\t<!-- end icon position -->\n\n\t\t\t\t\t\t\t\n\t\t\t\t\t\t\t<!-- title middle -->\n\t\t\t\t\t\t\t\t\t\t\t\t\t\t<!-- title bottom -->\n\t\t\t\t\t\t\t\t\t\t\t\t\t\t\n\t\t\t\t\t\t\t<!-- icon position -->\n\t\t\t\t\t\t\t\t\t\t\t\t\t\t\n\t\t\t\t\t\t\t<!-- image -->\n\t\t\t\t\t\t\t\t\t\t\t\t\t\t<!-- icon -->\n\t\t\t\t\t\t\t\t\t\t\t\t\t\t\n\t\t\t\t\t\t\t<!-- bar -->\n\t\t\t\t\t\t\t\t\t\t\t\t\t\t<!-- circle bar -->\n\t\t\t\t\t\t\t\t\t\t\t\t\t\t\n\t\t\t\t\t\t\t\t\n\t\t\t\t\t\t\t<!-- end icon position -->\n\n\t\t\t\t\t\t\t<!-- content -->\n\t\t\t\t\t\t\t\t\t\t\t\t\t\t\t<p>El nostre grup amb 40 anys d'experi\u00e8ncia ofereix innovaci\u00f3 i tecnologia. Els nostres prove\u00efdors ens converteixen en l\u00edders del sector de l'aire comprimit. Per tal de donar el millor servei al nostre client per al seu bon desenvolupament industrial. <\/p>\t\t\n\t\t\t\t\t\t\t\t\t\t\t\t\t<\/div>\n\t\t\t\t\t\t\t<!-- inner title -->\n\t\t\t\t\t\t\t\t\t\t\t\t\t\n\t\t\t\t\t<\/div>\t\t\t\t\n\t\t\t\t\t\t\t\t<\/div>\n\t\t\t\t<\/div>\n\t\t\t\t\t<\/div>\n\t\t<\/div>\n\t\t\t\t\t<\/div>\n\t\t<\/section>\n\t\t\t\t<section class=\"elementor-section elementor-top-section elementor-element elementor-element-f4a0ac4 elementor-section-boxed elementor-section-height-default elementor-section-height-default\" data-id=\"f4a0ac4\" data-element_type=\"section\" data-settings=\"{&quot;background_background&quot;:&quot;classic&quot;}\">\n\t\t\t\t\t\t<div class=\"elementor-container elementor-column-gap-default\">\n\t\t\t\t\t<div class=\"elementor-column elementor-col-100 elementor-top-column elementor-element elementor-element-3b8851a\" data-id=\"3b8851a\" data-element_type=\"column\">\n\t\t\t<div class=\"elementor-widget-wrap elementor-element-populated\">\n\t\t\t\t\t\t<section class=\"elementor-section elementor-inner-section elementor-element elementor-element-a5280a9 elementor-section-boxed elementor-section-height-default elementor-section-height-default\" data-id=\"a5280a9\" data-element_type=\"section\">\n\t\t\t\t\t\t<div class=\"elementor-container elementor-column-gap-default\">\n\t\t\t\t\t<div class=\"elementor-column elementor-col-33 elementor-inner-column elementor-element elementor-element-49ae6c7\" data-id=\"49ae6c7\" data-element_type=\"column\">\n\t\t\t<div class=\"elementor-widget-wrap elementor-element-populated\">\n\t\t\t\t\t\t<div class=\"elementor-element elementor-element-3c7d35f poket-star-rating--align-center elementor-widget elementor-widget-witr_section_feature\" data-id=\"3c7d35f\" data-element_type=\"widget\" data-widget_type=\"witr_section_feature.default\">\n\t\t\t\t<div class=\"elementor-widget-container\">\n\t\t\t\t\t\t\t\n            <div class=\"witr_feature_13 sub-border-2 all_feature_color text-center \">\n\t\t\t\t<!-- image -->\n\t\t\t\t\t\t\t\n\t\t\t\t<div class=\"sub-item \">\n\t\t\t\t\n\t\t\t\t\t<!-- number -->\n\t\t\t\t\t\t\t\t\t\t\n\t\t\t\t\t<!-- icon -->\n\t\t\t\t\t\t\n\t\t\t\t\t\t<i class=\"icofont icofont-worker\"><\/i>\n\t\t\t\t\t\t\t\t\t\t<!-- custom icon -->\n\t\t\t\t\t\t\t\t\t\t\n\t\t\t\t\t<!-- image -->\n\t\t\t\t\t\t\n\t\t\t\t\t<!-- title -->\n\t\t\t\t\t\t\t\t\t\t\t\t\t\t\t<h3>Professionalitat\n <\/h3>\n\t\t\t\t\t\t\t\t\t\t\t\t\t\t\t<!-- Sub title -->\n\t\t\t\t\t\t\t\t\t\t\n\t\t\t\t\t<!-- content -->\n\t\t\t\t\t\t\t\t\t\t\t<p>Excel\u00b7l\u00e8ncia en el servei, cuidant cada detall amb dedicaci\u00f3 i rigor.\n\n <\/p>\t\t\n\t\t\t\t\t\t\t\t\t\t<!-- button -->\n\t\t\t\t\t\t\t\t\t<\/div> <!-- sub item -->\t\t   \n            <\/div> <!-- sub border -->\n\t\t\t\t\t\t<\/div>\n\t\t\t\t<\/div>\n\t\t\t\t\t<\/div>\n\t\t<\/div>\n\t\t\t\t<div class=\"elementor-column elementor-col-33 elementor-inner-column elementor-element elementor-element-5d83c91\" data-id=\"5d83c91\" data-element_type=\"column\">\n\t\t\t<div class=\"elementor-widget-wrap elementor-element-populated\">\n\t\t\t\t\t\t<div class=\"elementor-element elementor-element-273ebd6 poket-star-rating--align-center elementor-widget elementor-widget-witr_section_feature\" data-id=\"273ebd6\" data-element_type=\"widget\" data-widget_type=\"witr_section_feature.default\">\n\t\t\t\t<div class=\"elementor-widget-container\">\n\t\t\t\t\t\t\t\n            <div class=\"witr_feature_13 sub-border-2 all_feature_color text-center \">\n\t\t\t\t<!-- image -->\n\t\t\t\t\t\t\t\n\t\t\t\t<div class=\"sub-item \">\n\t\t\t\t\n\t\t\t\t\t<!-- number -->\n\t\t\t\t\t\t\t\t\t\t\n\t\t\t\t\t<!-- icon -->\n\t\t\t\t\t\t\n\t\t\t\t\t\t<i class=\"icofont icofont-check-alt\"><\/i>\n\t\t\t\t\t\t\t\t\t\t<!-- custom icon -->\n\t\t\t\t\t\t\t\t\t\t\n\t\t\t\t\t<!-- image -->\n\t\t\t\t\t\t\n\t\t\t\t\t<!-- title -->\n\t\t\t\t\t\t\t\t\t\t\t\t\t\t\t<h3>Serietat <\/h3>\n\t\t\t\t\t\t\t\t\t\t\t\t\t\t\t<!-- Sub title -->\n\t\t\t\t\t\t\t\t\t\t\n\t\t\t\t\t<!-- content -->\n\t\t\t\t\t\t\t\t\t\t\t<p>Comprom\u00eds ferm en cada pas per garantir la teva tranquil\u00b7litat i confian\u00e7a.\n <\/p>\t\t\n\t\t\t\t\t\t\t\t\t\t<!-- button -->\n\t\t\t\t\t\t\t\t\t<\/div> <!-- sub item -->\t\t   \n            <\/div> <!-- sub border -->\n\t\t\t\t\t\t<\/div>\n\t\t\t\t<\/div>\n\t\t\t\t\t<\/div>\n\t\t<\/div>\n\t\t\t\t<div class=\"elementor-column elementor-col-33 elementor-inner-column elementor-element elementor-element-9888bff\" data-id=\"9888bff\" data-element_type=\"column\">\n\t\t\t<div class=\"elementor-widget-wrap elementor-element-populated\">\n\t\t\t\t\t\t<div class=\"elementor-element elementor-element-505937e poket-star-rating--align-center elementor-widget elementor-widget-witr_section_feature\" data-id=\"505937e\" data-element_type=\"widget\" data-widget_type=\"witr_section_feature.default\">\n\t\t\t\t<div class=\"elementor-widget-container\">\n\t\t\t\t\t\t\t\n            <div class=\"witr_feature_13 sub-border-2 all_feature_color text-center \">\n\t\t\t\t<!-- image -->\n\t\t\t\t\t\t\t\n\t\t\t\t<div class=\"sub-item \">\n\t\t\t\t\n\t\t\t\t\t<!-- number -->\n\t\t\t\t\t\t\t\t\t\t\n\t\t\t\t\t<!-- icon -->\n\t\t\t\t\t\t\n\t\t\t\t\t\t<i class=\"icofont-star\"><\/i>\n\t\t\t\t\t\t\t\t\t\t<!-- custom icon -->\n\t\t\t\t\t\t\t\t\t\t\n\t\t\t\t\t<!-- image -->\n\t\t\t\t\t\t\n\t\t\t\t\t<!-- title -->\n\t\t\t\t\t\t\t\t\t\t\t\t\t\t\t<h3>Experi\u00e8ncia <\/h3>\n\t\t\t\t\t\t\t\t\t\t\t\t\t\t\t<!-- Sub title -->\n\t\t\t\t\t\t\t\t\t\t\n\t\t\t\t\t<!-- content -->\n\t\t\t\t\t\t\t\t\t\t\t<p>D\u00e8cades de coneixement aplicat, oferint solucions fiables i eficaces per a cada necessitat. <\/p>\t\t\n\t\t\t\t\t\t\t\t\t\t<!-- button -->\n\t\t\t\t\t\t\t\t\t<\/div> <!-- sub item -->\t\t   \n            <\/div> <!-- sub border -->\n\t\t\t\t\t\t<\/div>\n\t\t\t\t<\/div>\n\t\t\t\t\t<\/div>\n\t\t<\/div>\n\t\t\t\t\t<\/div>\n\t\t<\/section>\n\t\t\t\t\t<\/div>\n\t\t<\/div>\n\t\t\t\t\t<\/div>\n\t\t<\/section>\n\t\t\t\t<\/div>\n\t\t","protected":false},"excerpt":{"rendered":"<p>Donem aire a les seves instal\u00b7lacions El nostre grup amb 40 anys d&#8217;experi\u00e8ncia ofereix innovaci\u00f3 i tecnologia. Els nostres prove\u00efdors ens converteixen en l\u00edders del sector de l&#8217;aire comprimit. Per tal de donar el millor servei al nostre client per al seu bon desenvolupament industrial. Professionalitat Excel\u00b7l\u00e8ncia en el servei, cuidant cada detall amb dedicaci\u00f3 [&hellip;]<\/p>\n","protected":false},"author":2,"featured_media":0,"parent":0,"menu_order":0,"comment_status":"closed","ping_status":"closed","template":"template-home.php","meta":{"_acf_changed":false,"footnotes":""},"class_list":["post-11645","page","type-page","status-publish","hentry"],"acf":[],"yoast_head":"<!-- This site is optimized with the Yoast SEO plugin v24.9 - https:\/\/yoast.com\/wordpress\/plugins\/seo\/ -->\n<title>Experts en instal\u00b7lacions d&#039;aire comprimit<\/title>\n<meta name=\"description\" content=\"Coneix l&#039;equip l\u00edder en instal\u00b7lacions d&#039;aire comprimit. Anys d&#039;experi\u00e8ncia, solucions eficients i comprom\u00eds amb la qualitat a cada projecte.\" \/>\n<meta name=\"robots\" content=\"index, follow, max-snippet:-1, max-image-preview:large, max-video-preview:-1\" \/>\n<link rel=\"canonical\" href=\"https:\/\/macair21.com\/ca\/sobre-nosaltres\/\" \/>\n<meta property=\"og:locale\" content=\"ca_ES\" \/>\n<meta property=\"og:type\" content=\"article\" \/>\n<meta property=\"og:title\" content=\"Experts en instal\u00b7lacions d&#039;aire comprimit\" \/>\n<meta property=\"og:description\" content=\"Coneix l&#039;equip l\u00edder en instal\u00b7lacions d&#039;aire comprimit. Anys d&#039;experi\u00e8ncia, solucions eficients i comprom\u00eds amb la qualitat a cada projecte.\" \/>\n<meta property=\"og:url\" content=\"https:\/\/macair21.com\/ca\/sobre-nosaltres\/\" \/>\n<meta property=\"og:site_name\" content=\"Mac Air 21\" \/>\n<meta property=\"article:modified_time\" content=\"2025-04-24T10:51:12+00:00\" \/>\n<meta property=\"og:image\" content=\"https:\/\/macair21.com\/wp-content\/uploads\/2025\/03\/pipes-4161383_1920-1024x681.jpg\" \/>\n<meta name=\"twitter:card\" content=\"summary_large_image\" \/>\n<meta name=\"twitter:label1\" content=\"Temps estimat de lectura\" \/>\n\t<meta name=\"twitter:data1\" content=\"1 minut\" \/>\n<script type=\"application\/ld+json\" class=\"yoast-schema-graph\">{\"@context\":\"https:\/\/schema.org\",\"@graph\":[{\"@type\":\"WebPage\",\"@id\":\"https:\/\/macair21.com\/ca\/sobre-nosaltres\/\",\"url\":\"https:\/\/macair21.com\/ca\/sobre-nosaltres\/\",\"name\":\"Experts en instal\u00b7lacions d'aire comprimit\",\"isPartOf\":{\"@id\":\"https:\/\/macair21.com\/ca\/#website\"},\"primaryImageOfPage\":{\"@id\":\"https:\/\/macair21.com\/ca\/sobre-nosaltres\/#primaryimage\"},\"image\":{\"@id\":\"https:\/\/macair21.com\/ca\/sobre-nosaltres\/#primaryimage\"},\"thumbnailUrl\":\"https:\/\/macair21.com\/wp-content\/uploads\/2025\/03\/pipes-4161383_1920-1024x681.jpg\",\"datePublished\":\"2025-01-08T10:50:57+00:00\",\"dateModified\":\"2025-04-24T10:51:12+00:00\",\"description\":\"Coneix l'equip l\u00edder en instal\u00b7lacions d'aire comprimit. Anys d'experi\u00e8ncia, solucions eficients i comprom\u00eds amb la qualitat a cada projecte.\",\"breadcrumb\":{\"@id\":\"https:\/\/macair21.com\/ca\/sobre-nosaltres\/#breadcrumb\"},\"inLanguage\":\"ca\",\"potentialAction\":[{\"@type\":\"ReadAction\",\"target\":[\"https:\/\/macair21.com\/ca\/sobre-nosaltres\/\"]}]},{\"@type\":\"ImageObject\",\"inLanguage\":\"ca\",\"@id\":\"https:\/\/macair21.com\/ca\/sobre-nosaltres\/#primaryimage\",\"url\":\"https:\/\/macair21.com\/wp-content\/uploads\/2025\/03\/pipes-4161383_1920-1024x681.jpg\",\"contentUrl\":\"https:\/\/macair21.com\/wp-content\/uploads\/2025\/03\/pipes-4161383_1920-1024x681.jpg\"},{\"@type\":\"BreadcrumbList\",\"@id\":\"https:\/\/macair21.com\/ca\/sobre-nosaltres\/#breadcrumb\",\"itemListElement\":[{\"@type\":\"ListItem\",\"position\":1,\"name\":\"Portada\",\"item\":\"https:\/\/macair21.com\/\"},{\"@type\":\"ListItem\",\"position\":2,\"name\":\"Sobre nosaltres\"}]},{\"@type\":\"WebSite\",\"@id\":\"https:\/\/macair21.com\/ca\/#website\",\"url\":\"https:\/\/macair21.com\/ca\/\",\"name\":\"Mac Air 21\",\"description\":\"\",\"publisher\":{\"@id\":\"https:\/\/macair21.com\/ca\/#organization\"},\"potentialAction\":[{\"@type\":\"SearchAction\",\"target\":{\"@type\":\"EntryPoint\",\"urlTemplate\":\"https:\/\/macair21.com\/ca\/?s={search_term_string}\"},\"query-input\":{\"@type\":\"PropertyValueSpecification\",\"valueRequired\":true,\"valueName\":\"search_term_string\"}}],\"inLanguage\":\"ca\"},{\"@type\":\"Organization\",\"@id\":\"https:\/\/macair21.com\/ca\/#organization\",\"name\":\"Mac Air 21\",\"url\":\"https:\/\/macair21.com\/ca\/\",\"logo\":{\"@type\":\"ImageObject\",\"inLanguage\":\"ca\",\"@id\":\"https:\/\/macair21.com\/ca\/#\/schema\/logo\/image\/\",\"url\":\"https:\/\/macair21.com\/wp-content\/uploads\/2025\/01\/mac-air-logo2.png\",\"contentUrl\":\"https:\/\/macair21.com\/wp-content\/uploads\/2025\/01\/mac-air-logo2.png\",\"width\":1037,\"height\":493,\"caption\":\"Mac Air 21\"},\"image\":{\"@id\":\"https:\/\/macair21.com\/ca\/#\/schema\/logo\/image\/\"}}]}<\/script>\n<!-- \/ Yoast SEO plugin. -->","yoast_head_json":{"title":"Experts en instal\u00b7lacions d'aire comprimit","description":"Coneix l'equip l\u00edder en instal\u00b7lacions d'aire comprimit. Anys d'experi\u00e8ncia, solucions eficients i comprom\u00eds amb la qualitat a cada projecte.","robots":{"index":"index","follow":"follow","max-snippet":"max-snippet:-1","max-image-preview":"max-image-preview:large","max-video-preview":"max-video-preview:-1"},"canonical":"https:\/\/macair21.com\/ca\/sobre-nosaltres\/","og_locale":"ca_ES","og_type":"article","og_title":"Experts en instal\u00b7lacions d'aire comprimit","og_description":"Coneix l'equip l\u00edder en instal\u00b7lacions d'aire comprimit. Anys d'experi\u00e8ncia, solucions eficients i comprom\u00eds amb la qualitat a cada projecte.","og_url":"https:\/\/macair21.com\/ca\/sobre-nosaltres\/","og_site_name":"Mac Air 21","article_modified_time":"2025-04-24T10:51:12+00:00","og_image":[{"url":"https:\/\/macair21.com\/wp-content\/uploads\/2025\/03\/pipes-4161383_1920-1024x681.jpg","type":"","width":"","height":""}],"twitter_card":"summary_large_image","twitter_misc":{"Temps estimat de lectura":"1 minut"},"schema":{"@context":"https:\/\/schema.org","@graph":[{"@type":"WebPage","@id":"https:\/\/macair21.com\/ca\/sobre-nosaltres\/","url":"https:\/\/macair21.com\/ca\/sobre-nosaltres\/","name":"Experts en instal\u00b7lacions d'aire comprimit","isPartOf":{"@id":"https:\/\/macair21.com\/ca\/#website"},"primaryImageOfPage":{"@id":"https:\/\/macair21.com\/ca\/sobre-nosaltres\/#primaryimage"},"image":{"@id":"https:\/\/macair21.com\/ca\/sobre-nosaltres\/#primaryimage"},"thumbnailUrl":"https:\/\/macair21.com\/wp-content\/uploads\/2025\/03\/pipes-4161383_1920-1024x681.jpg","datePublished":"2025-01-08T10:50:57+00:00","dateModified":"2025-04-24T10:51:12+00:00","description":"Coneix l'equip l\u00edder en instal\u00b7lacions d'aire comprimit. Anys d'experi\u00e8ncia, solucions eficients i comprom\u00eds amb la qualitat a cada projecte.","breadcrumb":{"@id":"https:\/\/macair21.com\/ca\/sobre-nosaltres\/#breadcrumb"},"inLanguage":"ca","potentialAction":[{"@type":"ReadAction","target":["https:\/\/macair21.com\/ca\/sobre-nosaltres\/"]}]},{"@type":"ImageObject","inLanguage":"ca","@id":"https:\/\/macair21.com\/ca\/sobre-nosaltres\/#primaryimage","url":"https:\/\/macair21.com\/wp-content\/uploads\/2025\/03\/pipes-4161383_1920-1024x681.jpg","contentUrl":"https:\/\/macair21.com\/wp-content\/uploads\/2025\/03\/pipes-4161383_1920-1024x681.jpg"},{"@type":"BreadcrumbList","@id":"https:\/\/macair21.com\/ca\/sobre-nosaltres\/#breadcrumb","itemListElement":[{"@type":"ListItem","position":1,"name":"Portada","item":"https:\/\/macair21.com\/"},{"@type":"ListItem","position":2,"name":"Sobre nosaltres"}]},{"@type":"WebSite","@id":"https:\/\/macair21.com\/ca\/#website","url":"https:\/\/macair21.com\/ca\/","name":"Mac Air 21","description":"","publisher":{"@id":"https:\/\/macair21.com\/ca\/#organization"},"potentialAction":[{"@type":"SearchAction","target":{"@type":"EntryPoint","urlTemplate":"https:\/\/macair21.com\/ca\/?s={search_term_string}"},"query-input":{"@type":"PropertyValueSpecification","valueRequired":true,"valueName":"search_term_string"}}],"inLanguage":"ca"},{"@type":"Organization","@id":"https:\/\/macair21.com\/ca\/#organization","name":"Mac Air 21","url":"https:\/\/macair21.com\/ca\/","logo":{"@type":"ImageObject","inLanguage":"ca","@id":"https:\/\/macair21.com\/ca\/#\/schema\/logo\/image\/","url":"https:\/\/macair21.com\/wp-content\/uploads\/2025\/01\/mac-air-logo2.png","contentUrl":"https:\/\/macair21.com\/wp-content\/uploads\/2025\/01\/mac-air-logo2.png","width":1037,"height":493,"caption":"Mac Air 21"},"image":{"@id":"https:\/\/macair21.com\/ca\/#\/schema\/logo\/image\/"}}]}},"_links":{"self":[{"href":"https:\/\/macair21.com\/ca\/wp-json\/wp\/v2\/pages\/11645","targetHints":{"allow":["GET"]}}],"collection":[{"href":"https:\/\/macair21.com\/ca\/wp-json\/wp\/v2\/pages"}],"about":[{"href":"https:\/\/macair21.com\/ca\/wp-json\/wp\/v2\/types\/page"}],"author":[{"embeddable":true,"href":"https:\/\/macair21.com\/ca\/wp-json\/wp\/v2\/users\/2"}],"replies":[{"embeddable":true,"href":"https:\/\/macair21.com\/ca\/wp-json\/wp\/v2\/comments?post=11645"}],"version-history":[{"count":15,"href":"https:\/\/macair21.com\/ca\/wp-json\/wp\/v2\/pages\/11645\/revisions"}],"predecessor-version":[{"id":11788,"href":"https:\/\/macair21.com\/ca\/wp-json\/wp\/v2\/pages\/11645\/revisions\/11788"}],"wp:attachment":[{"href":"https:\/\/macair21.com\/ca\/wp-json\/wp\/v2\/media?parent=11645"}],"curies":[{"name":"wp","href":"https:\/\/api.w.org\/{rel}","templated":true}]}}